{"id":77,"date":"2023-03-09T21:23:54","date_gmt":"2023-03-09T20:23:54","guid":{"rendered":"http:\/\/sonsofeternity.de\/?page_id=77"},"modified":"2026-01-07T16:33:40","modified_gmt":"2026-01-07T15:33:40","slug":"galerie","status":"publish","type":"page","link":"https:\/\/sonsofeternity.de\/en\/galerie\/","title":{"rendered":"Gallery"},"content":{"rendered":"<div data-elementor-type=\"wp-page\" data-elementor-id=\"77\" class=\"elementor elementor-77\">\n\t\t\t\t<div class=\"elementor-element elementor-element-298a8d4 e-flex e-con-boxed e-con e-parent\" data-id=\"298a8d4\" data-element_type=\"container\" data-e-type=\"container\" data-settings=\"{&quot;background_background&quot;:&quot;classic&quot;}\">\n\t\t\t\t\t<div class=\"e-con-inner\">\n\t\t\t\t<div class=\"elementor-element elementor-element-7f327ae elementor-widget elementor-widget-text-editor\" data-id=\"7f327ae\" data-element_type=\"widget\" data-e-type=\"widget\" data-widget_type=\"text-editor.default\">\n\t\t\t\t<div class=\"elementor-widget-container\">\n\t\t\t\t\t\t\t\t\t<h2 style=\"text-align: center;\"><strong>Gallery<br><\/strong><\/h2>\n<p class=\"translation-block\">Many more pictures are regularly posted on our  <a href=\"https:\/\/www.instagram.com\/sonsofeternity\/\" target=\"_blank\" rel=\"noopener\">Instagram<\/a> and <a href=\"https:\/\/www.facebook.com\/SonsOfEternityBand\" target=\"_blank\" rel=\"noopener\">Facebook<\/a> pages!<\/p>\t\t\t\t\t\t\t\t<\/div>\n\t\t\t\t<\/div>\n\t\t<div class=\"elementor-element elementor-element-0b33590 e-flex e-con-boxed e-con e-child\" data-id=\"0b33590\" data-element_type=\"container\" data-e-type=\"container\">\n\t\t\t\t\t<div class=\"e-con-inner\">\n\t\t<div class=\"elementor-element elementor-element-9e947eb e-con-full e-flex e-con e-child\" data-id=\"9e947eb\" data-element_type=\"container\" data-e-type=\"container\">\n\t\t\t\t<div class=\"elementor-element elementor-element-4d87252 elementor-widget__width-initial elementor-widget elementor-widget-image\" data-id=\"4d87252\" data-element_type=\"widget\" data-e-type=\"widget\" data-widget_type=\"image.default\">\n\t\t\t\t<div class=\"elementor-widget-container\">\n\t\t\t\t\t\t\t\t\t\t\t\t<figure class=\"wp-caption\">\n\t\t\t\t\t\t\t\t\t\t\t<a href=\"https:\/\/sonsofeternity.de\/en\/galerie\/jbo-tour-2025-muenchen\/\">\n\t\t\t\t\t\t\t<img decoding=\"async\" width=\"150\" height=\"150\" src=\"https:\/\/sonsofeternity.de\/wp-content\/uploads\/2026\/01\/1-SonsOfEternity-Backstage-Munich-20251205-PhotoJockey-DSC_2262-150x150.jpg\" class=\"attachment-thumbnail size-thumbnail wp-image-2739\" alt=\"\" srcset=\"https:\/\/sonsofeternity.de\/wp-content\/uploads\/2026\/01\/1-SonsOfEternity-Backstage-Munich-20251205-PhotoJockey-DSC_2262-150x150.jpg 150w, https:\/\/sonsofeternity.de\/wp-content\/uploads\/2026\/01\/1-SonsOfEternity-Backstage-Munich-20251205-PhotoJockey-DSC_2262-600x600.jpg 600w\" sizes=\"(max-width: 150px) 100vw, 150px\" \/>\t\t\t\t\t\t\t\t<\/a>\n\t\t\t\t\t\t\t\t\t\t\t<figcaption class=\"widget-image-caption wp-caption-text\">M\u00fcnchen, Backstage 05.12.2025<\/figcaption>\n\t\t\t\t\t\t\t\t\t\t<\/figure>\n\t\t\t\t\t\t\t\t\t<\/div>\n\t\t\t\t<\/div>\n\t\t\t\t<div class=\"elementor-element elementor-element-9c36cd2 elementor-widget__width-initial elementor-widget elementor-widget-image\" data-id=\"9c36cd2\" data-element_type=\"widget\" data-e-type=\"widget\" data-widget_type=\"image.default\">\n\t\t\t\t<div class=\"elementor-widget-container\">\n\t\t\t\t\t\t\t\t\t\t\t\t<figure class=\"wp-caption\">\n\t\t\t\t\t\t\t\t\t\t\t<a href=\"https:\/\/sonsofeternity.de\/en\/galerie\/axxis-tour-2025\/\">\n\t\t\t\t\t\t\t<img decoding=\"async\" width=\"150\" height=\"150\" src=\"https:\/\/sonsofeternity.de\/wp-content\/uploads\/2025\/01\/PXL_20250125_194712141_rs-150x150.jpg\" class=\"attachment-thumbnail size-thumbnail wp-image-2578\" alt=\"\" srcset=\"https:\/\/sonsofeternity.de\/wp-content\/uploads\/2025\/01\/PXL_20250125_194712141_rs-150x150.jpg 150w, https:\/\/sonsofeternity.de\/wp-content\/uploads\/2025\/01\/PXL_20250125_194712141_rs-600x600.jpg 600w\" sizes=\"(max-width: 150px) 100vw, 150px\" \/>\t\t\t\t\t\t\t\t<\/a>\n\t\t\t\t\t\t\t\t\t\t\t<figcaption class=\"widget-image-caption wp-caption-text\">On Tour with Axxis 2025<\/figcaption>\n\t\t\t\t\t\t\t\t\t\t<\/figure>\n\t\t\t\t\t\t\t\t\t<\/div>\n\t\t\t\t<\/div>\n\t\t\t\t<div class=\"elementor-element elementor-element-9648e2a elementor-widget__width-initial elementor-widget elementor-widget-image\" data-id=\"9648e2a\" data-element_type=\"widget\" data-e-type=\"widget\" data-widget_type=\"image.default\">\n\t\t\t\t<div class=\"elementor-widget-container\">\n\t\t\t\t\t\t\t\t\t\t\t\t<figure class=\"wp-caption\">\n\t\t\t\t\t\t\t\t\t\t\t<a href=\"https:\/\/sonsofeternity.de\/en\/galerie\/axxis-tour-2025-nuernberg-25-1-25\/\">\n\t\t\t\t\t\t\t<img decoding=\"async\" width=\"150\" height=\"150\" src=\"https:\/\/sonsofeternity.de\/wp-content\/uploads\/2025\/01\/20250125_0701_bilderbube-150x150.jpg\" class=\"attachment-thumbnail size-thumbnail wp-image-2516\" alt=\"\" \/>\t\t\t\t\t\t\t\t<\/a>\n\t\t\t\t\t\t\t\t\t\t\t<figcaption class=\"widget-image-caption wp-caption-text\">N\u00fcrnberg, Hirsch 25.01.2025<\/figcaption>\n\t\t\t\t\t\t\t\t\t\t<\/figure>\n\t\t\t\t\t\t\t\t\t<\/div>\n\t\t\t\t<\/div>\n\t\t\t\t<div class=\"elementor-element elementor-element-bad2984 elementor-widget__width-initial elementor-widget elementor-widget-image\" data-id=\"bad2984\" data-element_type=\"widget\" data-e-type=\"widget\" data-widget_type=\"image.default\">\n\t\t\t\t<div class=\"elementor-widget-container\">\n\t\t\t\t\t\t\t\t\t\t\t\t<figure class=\"wp-caption\">\n\t\t\t\t\t\t\t\t\t\t\t<a href=\"https:\/\/sonsofeternity.de\/en\/galerie\/axxis-tour-2025-siegburg-23-1-25\/\">\n\t\t\t\t\t\t\t<img loading=\"lazy\" decoding=\"async\" width=\"150\" height=\"150\" src=\"https:\/\/sonsofeternity.de\/wp-content\/uploads\/2025\/01\/Siegburg-2025-01-150x150.jpg\" class=\"attachment-thumbnail size-thumbnail wp-image-2467\" alt=\"\" srcset=\"https:\/\/sonsofeternity.de\/wp-content\/uploads\/2025\/01\/Siegburg-2025-01-150x150.jpg 150w, https:\/\/sonsofeternity.de\/wp-content\/uploads\/2025\/01\/Siegburg-2025-01-600x600.jpg 600w\" sizes=\"(max-width: 150px) 100vw, 150px\" \/>\t\t\t\t\t\t\t\t<\/a>\n\t\t\t\t\t\t\t\t\t\t\t<figcaption class=\"widget-image-caption wp-caption-text\">Siegburg, Kubana 23.01.2025<\/figcaption>\n\t\t\t\t\t\t\t\t\t\t<\/figure>\n\t\t\t\t\t\t\t\t\t<\/div>\n\t\t\t\t<\/div>\n\t\t\t\t<div class=\"elementor-element elementor-element-58a97d0 elementor-widget__width-initial elementor-widget elementor-widget-image\" data-id=\"58a97d0\" data-element_type=\"widget\" data-e-type=\"widget\" data-widget_type=\"image.default\">\n\t\t\t\t<div class=\"elementor-widget-container\">\n\t\t\t\t\t\t\t\t\t\t\t\t<figure class=\"wp-caption\">\n\t\t\t\t\t\t\t\t\t\t\t<a href=\"https:\/\/sonsofeternity.de\/en\/galerie\/axxis-tour-2024-augsburg-26-9-24\/\">\n\t\t\t\t\t\t\t<img loading=\"lazy\" decoding=\"async\" width=\"150\" height=\"150\" src=\"https:\/\/sonsofeternity.de\/wp-content\/uploads\/2025\/01\/2024-Augsburg-1-1-150x150.jpg\" class=\"attachment-thumbnail size-thumbnail wp-image-2418\" alt=\"\" srcset=\"https:\/\/sonsofeternity.de\/wp-content\/uploads\/2025\/01\/2024-Augsburg-1-1-150x150.jpg 150w, https:\/\/sonsofeternity.de\/wp-content\/uploads\/2025\/01\/2024-Augsburg-1-1-600x600.jpg 600w\" sizes=\"(max-width: 150px) 100vw, 150px\" \/>\t\t\t\t\t\t\t\t<\/a>\n\t\t\t\t\t\t\t\t\t\t\t<figcaption class=\"widget-image-caption wp-caption-text\">Augsburg, Spectrum 26.09.2024<\/figcaption>\n\t\t\t\t\t\t\t\t\t\t<\/figure>\n\t\t\t\t\t\t\t\t\t<\/div>\n\t\t\t\t<\/div>\n\t\t\t\t<div class=\"elementor-element elementor-element-e769b80 elementor-widget__width-initial elementor-widget elementor-widget-image\" data-id=\"e769b80\" data-element_type=\"widget\" data-e-type=\"widget\" data-widget_type=\"image.default\">\n\t\t\t\t<div class=\"elementor-widget-container\">\n\t\t\t\t\t\t\t\t\t\t\t\t<figure class=\"wp-caption\">\n\t\t\t\t\t\t\t\t\t\t\t<a href=\"https:\/\/sonsofeternity.de\/en\/galerie\/axxis-tour-part-1\/\">\n\t\t\t\t\t\t\t<img loading=\"lazy\" decoding=\"async\" width=\"150\" height=\"150\" src=\"https:\/\/sonsofeternity.de\/wp-content\/uploads\/2024\/12\/PXL_20240928_142541111crop-150x150.jpg\" class=\"attachment-thumbnail size-thumbnail wp-image-2292\" alt=\"\" srcset=\"https:\/\/sonsofeternity.de\/wp-content\/uploads\/2024\/12\/PXL_20240928_142541111crop-150x150.jpg 150w, https:\/\/sonsofeternity.de\/wp-content\/uploads\/2024\/12\/PXL_20240928_142541111crop-600x600.jpg 600w\" sizes=\"(max-width: 150px) 100vw, 150px\" \/>\t\t\t\t\t\t\t\t<\/a>\n\t\t\t\t\t\t\t\t\t\t\t<figcaption class=\"widget-image-caption wp-caption-text\">On Tour with Axxis 2024<\/figcaption>\n\t\t\t\t\t\t\t\t\t\t<\/figure>\n\t\t\t\t\t\t\t\t\t<\/div>\n\t\t\t\t<\/div>\n\t\t\t\t<div class=\"elementor-element elementor-element-fbf21c8 elementor-widget__width-initial elementor-widget elementor-widget-image\" data-id=\"fbf21c8\" data-element_type=\"widget\" data-e-type=\"widget\" data-widget_type=\"image.default\">\n\t\t\t\t<div class=\"elementor-widget-container\">\n\t\t\t\t\t\t\t\t\t\t\t\t<figure class=\"wp-caption\">\n\t\t\t\t\t\t\t\t\t\t\t<a href=\"https:\/\/sonsofeternity.de\/en\/galerie\/rock-over-wiesthal-2023\/\">\n\t\t\t\t\t\t\t<img loading=\"lazy\" decoding=\"async\" width=\"150\" height=\"150\" src=\"https:\/\/sonsofeternity.de\/wp-content\/uploads\/2023\/08\/Sons-of-Eternity-Wiesthal-2023.mp4_snapshot_01.11.37.293-150x150.jpg\" class=\"attachment-thumbnail size-thumbnail wp-image-1481\" alt=\"\" srcset=\"https:\/\/sonsofeternity.de\/wp-content\/uploads\/2023\/08\/Sons-of-Eternity-Wiesthal-2023.mp4_snapshot_01.11.37.293-150x150.jpg 150w, https:\/\/sonsofeternity.de\/wp-content\/uploads\/2023\/08\/Sons-of-Eternity-Wiesthal-2023.mp4_snapshot_01.11.37.293-600x600.jpg 600w\" sizes=\"(max-width: 150px) 100vw, 150px\" \/>\t\t\t\t\t\t\t\t<\/a>\n\t\t\t\t\t\t\t\t\t\t\t<figcaption class=\"widget-image-caption wp-caption-text\">Rock over Wiesthal 12.08.2023<\/figcaption>\n\t\t\t\t\t\t\t\t\t\t<\/figure>\n\t\t\t\t\t\t\t\t\t<\/div>\n\t\t\t\t<\/div>\n\t\t\t\t<div class=\"elementor-element elementor-element-4fae7da elementor-widget__width-initial elementor-widget elementor-widget-image\" data-id=\"4fae7da\" data-element_type=\"widget\" data-e-type=\"widget\" data-widget_type=\"image.default\">\n\t\t\t\t<div class=\"elementor-widget-container\">\n\t\t\t\t\t\t\t\t\t\t\t\t<figure class=\"wp-caption\">\n\t\t\t\t\t\t\t\t\t\t\t<a href=\"https:\/\/sonsofeternity.de\/en\/galerie\/umsonst-und-draussen-wuerzburg-2023\/\">\n\t\t\t\t\t\t\t<img loading=\"lazy\" decoding=\"async\" width=\"150\" height=\"150\" src=\"https:\/\/sonsofeternity.de\/wp-content\/uploads\/2023\/06\/Sons-of-Eternity-UD2023-150x150.jpg\" class=\"attachment-thumbnail size-thumbnail wp-image-1339\" alt=\"\" srcset=\"https:\/\/sonsofeternity.de\/wp-content\/uploads\/2023\/06\/Sons-of-Eternity-UD2023-150x150.jpg 150w, https:\/\/sonsofeternity.de\/wp-content\/uploads\/2023\/06\/Sons-of-Eternity-UD2023-600x600.jpg 600w\" sizes=\"(max-width: 150px) 100vw, 150px\" \/>\t\t\t\t\t\t\t\t<\/a>\n\t\t\t\t\t\t\t\t\t\t\t<figcaption class=\"widget-image-caption wp-caption-text\">Umsonst und Drau\u00dfen 09.06.23<\/figcaption>\n\t\t\t\t\t\t\t\t\t\t<\/figure>\n\t\t\t\t\t\t\t\t\t<\/div>\n\t\t\t\t<\/div>\n\t\t\t\t<div class=\"elementor-element elementor-element-0b711c1 elementor-widget__width-initial elementor-widget elementor-widget-image\" data-id=\"0b711c1\" data-element_type=\"widget\" data-e-type=\"widget\" data-widget_type=\"image.default\">\n\t\t\t\t<div class=\"elementor-widget-container\">\n\t\t\t\t\t\t\t\t\t\t\t\t<figure class=\"wp-caption\">\n\t\t\t\t\t\t\t\t\t\t\t<a href=\"https:\/\/sonsofeternity.de\/en\/galerie\/bavarian-battle-openair\/\">\n\t\t\t\t\t\t\t<img loading=\"lazy\" decoding=\"async\" width=\"150\" height=\"150\" src=\"https:\/\/sonsofeternity.de\/wp-content\/uploads\/2023\/05\/Bavarian-Battle-2023-05-20-15-32-49-150x150.jpg\" class=\"attachment-thumbnail size-thumbnail wp-image-1288\" alt=\"\" srcset=\"https:\/\/sonsofeternity.de\/wp-content\/uploads\/2023\/05\/Bavarian-Battle-2023-05-20-15-32-49-150x150.jpg 150w, https:\/\/sonsofeternity.de\/wp-content\/uploads\/2023\/05\/Bavarian-Battle-2023-05-20-15-32-49-600x600.jpg 600w\" sizes=\"(max-width: 150px) 100vw, 150px\" \/>\t\t\t\t\t\t\t\t<\/a>\n\t\t\t\t\t\t\t\t\t\t\t<figcaption class=\"widget-image-caption wp-caption-text\">Bavarian Battle 20.05.23<\/figcaption>\n\t\t\t\t\t\t\t\t\t\t<\/figure>\n\t\t\t\t\t\t\t\t\t<\/div>\n\t\t\t\t<\/div>\n\t\t\t\t<div class=\"elementor-element elementor-element-93622f5 elementor-widget__width-initial elementor-widget elementor-widget-image\" data-id=\"93622f5\" data-element_type=\"widget\" data-e-type=\"widget\" data-widget_type=\"image.default\">\n\t\t\t\t<div class=\"elementor-widget-container\">\n\t\t\t\t\t\t\t\t\t\t\t\t<figure class=\"wp-caption\">\n\t\t\t\t\t\t\t\t\t\t\t<a href=\"https:\/\/sonsofeternity.de\/en\/galerie\/b-hof-2023\/\">\n\t\t\t\t\t\t\t<img loading=\"lazy\" decoding=\"async\" width=\"150\" height=\"150\" src=\"https:\/\/sonsofeternity.de\/wp-content\/uploads\/2023\/04\/Bhof_23_11-1-150x150.jpg\" class=\"attachment-thumbnail size-thumbnail wp-image-1128\" alt=\"\" srcset=\"https:\/\/sonsofeternity.de\/wp-content\/uploads\/2023\/04\/Bhof_23_11-1-150x150.jpg 150w, https:\/\/sonsofeternity.de\/wp-content\/uploads\/2023\/04\/Bhof_23_11-1-600x600.jpg 600w\" sizes=\"(max-width: 150px) 100vw, 150px\" \/>\t\t\t\t\t\t\t\t<\/a>\n\t\t\t\t\t\t\t\t\t\t\t<figcaption class=\"widget-image-caption wp-caption-text\">W\u00fcrzburg, b-hof 22.04.23<\/figcaption>\n\t\t\t\t\t\t\t\t\t\t<\/figure>\n\t\t\t\t\t\t\t\t\t<\/div>\n\t\t\t\t<\/div>\n\t\t\t\t<div class=\"elementor-element elementor-element-dae0953 elementor-widget__width-initial elementor-widget elementor-widget-image\" data-id=\"dae0953\" data-element_type=\"widget\" data-e-type=\"widget\" data-widget_type=\"image.default\">\n\t\t\t\t<div class=\"elementor-widget-container\">\n\t\t\t\t\t\t\t\t\t\t\t\t<figure class=\"wp-caption\">\n\t\t\t\t\t\t\t\t\t\t\t<a href=\"https:\/\/sonsofeternity.de\/en\/galerie\/rockmania-2022\/\">\n\t\t\t\t\t\t\t<img loading=\"lazy\" decoding=\"async\" width=\"150\" height=\"150\" src=\"https:\/\/sonsofeternity.de\/wp-content\/uploads\/2023\/03\/rockmania2-150x150.jpg\" class=\"attachment-thumbnail size-thumbnail wp-image-769\" alt=\"\" srcset=\"https:\/\/sonsofeternity.de\/wp-content\/uploads\/2023\/03\/rockmania2-150x150.jpg 150w, https:\/\/sonsofeternity.de\/wp-content\/uploads\/2023\/03\/rockmania2-600x600.jpg 600w\" sizes=\"(max-width: 150px) 100vw, 150px\" \/>\t\t\t\t\t\t\t\t<\/a>\n\t\t\t\t\t\t\t\t\t\t\t<figcaption class=\"widget-image-caption wp-caption-text\">Willanzheim, Rockmania 2022<\/figcaption>\n\t\t\t\t\t\t\t\t\t\t<\/figure>\n\t\t\t\t\t\t\t\t\t<\/div>\n\t\t\t\t<\/div>\n\t\t\t\t<div class=\"elementor-element elementor-element-9b93d68 elementor-widget__width-initial elementor-widget elementor-widget-image\" data-id=\"9b93d68\" data-element_type=\"widget\" data-e-type=\"widget\" data-widget_type=\"image.default\">\n\t\t\t\t<div class=\"elementor-widget-container\">\n\t\t\t\t\t\t\t\t\t\t\t\t<figure class=\"wp-caption\">\n\t\t\t\t\t\t\t\t\t\t\t<a href=\"https:\/\/sonsofeternity.de\/en\/galerie\/videodreh-in-silence\/\">\n\t\t\t\t\t\t\t<img loading=\"lazy\" decoding=\"async\" width=\"150\" height=\"150\" src=\"https:\/\/sonsofeternity.de\/wp-content\/uploads\/2023\/03\/2_IMG_20220826_092127-150x150.jpg\" class=\"attachment-thumbnail size-thumbnail wp-image-801\" alt=\"\" srcset=\"https:\/\/sonsofeternity.de\/wp-content\/uploads\/2023\/03\/2_IMG_20220826_092127-150x150.jpg 150w, https:\/\/sonsofeternity.de\/wp-content\/uploads\/2023\/03\/2_IMG_20220826_092127-600x600.jpg 600w\" sizes=\"(max-width: 150px) 100vw, 150px\" \/>\t\t\t\t\t\t\t\t<\/a>\n\t\t\t\t\t\t\t\t\t\t\t<figcaption class=\"widget-image-caption wp-caption-text\">Videoshoot<br>\"In Silence\"<\/figcaption>\n\t\t\t\t\t\t\t\t\t\t<\/figure>\n\t\t\t\t\t\t\t\t\t<\/div>\n\t\t\t\t<\/div>\n\t\t\t\t<div class=\"elementor-element elementor-element-c535aa1 elementor-widget__width-initial elementor-widget elementor-widget-image\" data-id=\"c535aa1\" data-element_type=\"widget\" data-e-type=\"widget\" data-widget_type=\"image.default\">\n\t\t\t\t<div class=\"elementor-widget-container\">\n\t\t\t\t\t\t\t\t\t\t\t\t<figure class=\"wp-caption\">\n\t\t\t\t\t\t\t\t\t\t\t<a href=\"https:\/\/sonsofeternity.de\/en\/galerie\/owoa-2022\/\">\n\t\t\t\t\t\t\t<img loading=\"lazy\" decoding=\"async\" width=\"150\" height=\"150\" src=\"https:\/\/sonsofeternity.de\/wp-content\/uploads\/2023\/03\/DSC09918crop-150x150.jpg\" class=\"attachment-thumbnail size-thumbnail wp-image-142\" alt=\"\" \/>\t\t\t\t\t\t\t\t<\/a>\n\t\t\t\t\t\t\t\t\t\t\t<figcaption class=\"widget-image-caption wp-caption-text\">OWOA 2022<\/figcaption>\n\t\t\t\t\t\t\t\t\t\t<\/figure>\n\t\t\t\t\t\t\t\t\t<\/div>\n\t\t\t\t<\/div>\n\t\t\t\t<\/div>\n\t\t\t\t\t<\/div>\n\t\t\t\t<\/div>\n\t\t\t\t\t<\/div>\n\t\t\t\t<\/div>\n\t\t\t\t<\/div>","protected":false},"excerpt":{"rendered":"<p>Galerie Viele weitere Bilder gibt es regelm\u00e4\u00dfig auf unseren Seiten von Instagram&#8211; und Facebook! M\u00fcnchen, Backstage 05.12.2025 On Tour with Axxis 2025 N\u00fcrnberg, Hirsch 25.01.2025 Siegburg, Kubana 23.01.2025 Augsburg, Spectrum 26.09.2024 On Tour with Axxis 2024 Rock over Wiesthal 12.08.2023 Umsonst und Drau\u00dfen 09.06.23 Bavarian Battle 20.05.23 W\u00fcrzburg, b-hof 22.04.23 Willanzheim, Rockmania 2022 Videoshoot&#8222;In Silence&#8220; [&hellip;]<\/p>\n","protected":false},"author":1,"featured_media":0,"parent":0,"menu_order":0,"comment_status":"closed","ping_status":"closed","template":"","meta":{"footnotes":""},"class_list":["post-77","page","type-page","status-publish","hentry","entry"],"yoast_head":"<!-- This site is optimized with the Yoast SEO plugin v27.2 - https:\/\/yoast.com\/product\/yoast-seo-wordpress\/ -->\n<title>Galerie - Sons of Eternity<\/title>\n<meta name=\"robots\" content=\"index, follow, max-snippet:-1, max-image-preview:large, max-video-preview:-1\" \/>\n<link rel=\"canonical\" href=\"https:\/\/sonsofeternity.de\/en\/galerie\/\" \/>\n<meta property=\"og:locale\" content=\"en_US\" \/>\n<meta property=\"og:type\" content=\"article\" \/>\n<meta property=\"og:title\" content=\"Galerie - Sons of Eternity\" \/>\n<meta property=\"og:description\" content=\"Galerie Viele weitere Bilder gibt es regelm\u00e4\u00dfig auf unseren Seiten von Instagram&#8211; und Facebook! M\u00fcnchen, Backstage 05.12.2025 On Tour with Axxis 2025 N\u00fcrnberg, Hirsch 25.01.2025 Siegburg, Kubana 23.01.2025 Augsburg, Spectrum 26.09.2024 On Tour with Axxis 2024 Rock over Wiesthal 12.08.2023 Umsonst und Drau\u00dfen 09.06.23 Bavarian Battle 20.05.23 W\u00fcrzburg, b-hof 22.04.23 Willanzheim, Rockmania 2022 Videoshoot&#8222;In Silence&#8220; [&hellip;]\" \/>\n<meta property=\"og:url\" content=\"https:\/\/sonsofeternity.de\/en\/galerie\/\" \/>\n<meta property=\"og:site_name\" content=\"Sons of Eternity\" \/>\n<meta property=\"article:publisher\" content=\"https:\/\/www.facebook.com\/SonsOfEternityBand\" \/>\n<meta property=\"article:modified_time\" content=\"2026-01-07T15:33:40+00:00\" \/>\n<meta property=\"og:image\" content=\"https:\/\/sonsofeternity.de\/wp-content\/uploads\/2026\/01\/1-SonsOfEternity-Backstage-Munich-20251205-PhotoJockey-DSC_2262-1024x683.jpg\" \/>\n\t<meta property=\"og:image:width\" content=\"1024\" \/>\n\t<meta property=\"og:image:height\" content=\"683\" \/>\n\t<meta property=\"og:image:type\" content=\"image\/jpeg\" \/>\n<meta name=\"twitter:card\" content=\"summary_large_image\" \/>\n<meta name=\"twitter:label1\" content=\"Est. reading time\" \/>\n\t<meta name=\"twitter:data1\" content=\"3 minutes\" \/>\n<script type=\"application\/ld+json\" class=\"yoast-schema-graph\">{\"@context\":\"https:\/\/schema.org\",\"@graph\":[{\"@type\":\"WebPage\",\"@id\":\"https:\/\/sonsofeternity.de\/galerie\/\",\"url\":\"https:\/\/sonsofeternity.de\/galerie\/\",\"name\":\"Galerie - Sons of Eternity\",\"isPartOf\":{\"@id\":\"https:\/\/sonsofeternity.de\/#website\"},\"primaryImageOfPage\":{\"@id\":\"https:\/\/sonsofeternity.de\/galerie\/#primaryimage\"},\"image\":{\"@id\":\"https:\/\/sonsofeternity.de\/galerie\/#primaryimage\"},\"thumbnailUrl\":\"https:\/\/sonsofeternity.de\/wp-content\/uploads\/2026\/01\/1-SonsOfEternity-Backstage-Munich-20251205-PhotoJockey-DSC_2262-150x150.jpg\",\"datePublished\":\"2023-03-09T20:23:54+00:00\",\"dateModified\":\"2026-01-07T15:33:40+00:00\",\"breadcrumb\":{\"@id\":\"https:\/\/sonsofeternity.de\/galerie\/#breadcrumb\"},\"inLanguage\":\"en-US\",\"potentialAction\":[{\"@type\":\"ReadAction\",\"target\":[\"https:\/\/sonsofeternity.de\/galerie\/\"]}]},{\"@type\":\"ImageObject\",\"inLanguage\":\"en-US\",\"@id\":\"https:\/\/sonsofeternity.de\/galerie\/#primaryimage\",\"url\":\"https:\/\/sonsofeternity.de\/wp-content\/uploads\/2026\/01\/1-SonsOfEternity-Backstage-Munich-20251205-PhotoJockey-DSC_2262-150x150.jpg\",\"contentUrl\":\"https:\/\/sonsofeternity.de\/wp-content\/uploads\/2026\/01\/1-SonsOfEternity-Backstage-Munich-20251205-PhotoJockey-DSC_2262-150x150.jpg\"},{\"@type\":\"BreadcrumbList\",\"@id\":\"https:\/\/sonsofeternity.de\/galerie\/#breadcrumb\",\"itemListElement\":[{\"@type\":\"ListItem\",\"position\":1,\"name\":\"Startseite\",\"item\":\"https:\/\/sonsofeternity.de\/\"},{\"@type\":\"ListItem\",\"position\":2,\"name\":\"Galerie\"}]},{\"@type\":\"WebSite\",\"@id\":\"https:\/\/sonsofeternity.de\/#website\",\"url\":\"https:\/\/sonsofeternity.de\/\",\"name\":\"Sons of Eternity\",\"description\":\"Metalband from Germany\",\"publisher\":{\"@id\":\"https:\/\/sonsofeternity.de\/#organization\"},\"potentialAction\":[{\"@type\":\"SearchAction\",\"target\":{\"@type\":\"EntryPoint\",\"urlTemplate\":\"https:\/\/sonsofeternity.de\/?s={search_term_string}\"},\"query-input\":{\"@type\":\"PropertyValueSpecification\",\"valueRequired\":true,\"valueName\":\"search_term_string\"}}],\"inLanguage\":\"en-US\"},{\"@type\":\"Organization\",\"@id\":\"https:\/\/sonsofeternity.de\/#organization\",\"name\":\"Sons of Eternity\",\"url\":\"https:\/\/sonsofeternity.de\/\",\"logo\":{\"@type\":\"ImageObject\",\"inLanguage\":\"en-US\",\"@id\":\"https:\/\/sonsofeternity.de\/#\/schema\/logo\/image\/\",\"url\":\"https:\/\/sonsofeternity.de\/wp-content\/uploads\/2023\/03\/soe-logo-mit-schrift.png\",\"contentUrl\":\"https:\/\/sonsofeternity.de\/wp-content\/uploads\/2023\/03\/soe-logo-mit-schrift.png\",\"width\":1934,\"height\":320,\"caption\":\"Sons of Eternity\"},\"image\":{\"@id\":\"https:\/\/sonsofeternity.de\/#\/schema\/logo\/image\/\"},\"sameAs\":[\"https:\/\/www.facebook.com\/SonsOfEternityBand\"]}]}<\/script>\n<!-- \/ Yoast SEO plugin. -->","yoast_head_json":{"title":"Galerie - Sons of Eternity","robots":{"index":"index","follow":"follow","max-snippet":"max-snippet:-1","max-image-preview":"max-image-preview:large","max-video-preview":"max-video-preview:-1"},"canonical":"https:\/\/sonsofeternity.de\/en\/galerie\/","og_locale":"en_US","og_type":"article","og_title":"Galerie - Sons of Eternity","og_description":"Galerie Viele weitere Bilder gibt es regelm\u00e4\u00dfig auf unseren Seiten von Instagram&#8211; und Facebook! M\u00fcnchen, Backstage 05.12.2025 On Tour with Axxis 2025 N\u00fcrnberg, Hirsch 25.01.2025 Siegburg, Kubana 23.01.2025 Augsburg, Spectrum 26.09.2024 On Tour with Axxis 2024 Rock over Wiesthal 12.08.2023 Umsonst und Drau\u00dfen 09.06.23 Bavarian Battle 20.05.23 W\u00fcrzburg, b-hof 22.04.23 Willanzheim, Rockmania 2022 Videoshoot&#8222;In Silence&#8220; [&hellip;]","og_url":"https:\/\/sonsofeternity.de\/en\/galerie\/","og_site_name":"Sons of Eternity","article_publisher":"https:\/\/www.facebook.com\/SonsOfEternityBand","article_modified_time":"2026-01-07T15:33:40+00:00","og_image":[{"width":1024,"height":683,"url":"https:\/\/sonsofeternity.de\/wp-content\/uploads\/2026\/01\/1-SonsOfEternity-Backstage-Munich-20251205-PhotoJockey-DSC_2262-1024x683.jpg","type":"image\/jpeg"}],"twitter_card":"summary_large_image","twitter_misc":{"Est. reading time":"3 minutes"},"schema":{"@context":"https:\/\/schema.org","@graph":[{"@type":"WebPage","@id":"https:\/\/sonsofeternity.de\/galerie\/","url":"https:\/\/sonsofeternity.de\/galerie\/","name":"Galerie - Sons of Eternity","isPartOf":{"@id":"https:\/\/sonsofeternity.de\/#website"},"primaryImageOfPage":{"@id":"https:\/\/sonsofeternity.de\/galerie\/#primaryimage"},"image":{"@id":"https:\/\/sonsofeternity.de\/galerie\/#primaryimage"},"thumbnailUrl":"https:\/\/sonsofeternity.de\/wp-content\/uploads\/2026\/01\/1-SonsOfEternity-Backstage-Munich-20251205-PhotoJockey-DSC_2262-150x150.jpg","datePublished":"2023-03-09T20:23:54+00:00","dateModified":"2026-01-07T15:33:40+00:00","breadcrumb":{"@id":"https:\/\/sonsofeternity.de\/galerie\/#breadcrumb"},"inLanguage":"en-US","potentialAction":[{"@type":"ReadAction","target":["https:\/\/sonsofeternity.de\/galerie\/"]}]},{"@type":"ImageObject","inLanguage":"en-US","@id":"https:\/\/sonsofeternity.de\/galerie\/#primaryimage","url":"https:\/\/sonsofeternity.de\/wp-content\/uploads\/2026\/01\/1-SonsOfEternity-Backstage-Munich-20251205-PhotoJockey-DSC_2262-150x150.jpg","contentUrl":"https:\/\/sonsofeternity.de\/wp-content\/uploads\/2026\/01\/1-SonsOfEternity-Backstage-Munich-20251205-PhotoJockey-DSC_2262-150x150.jpg"},{"@type":"BreadcrumbList","@id":"https:\/\/sonsofeternity.de\/galerie\/#breadcrumb","itemListElement":[{"@type":"ListItem","position":1,"name":"Startseite","item":"https:\/\/sonsofeternity.de\/"},{"@type":"ListItem","position":2,"name":"Galerie"}]},{"@type":"WebSite","@id":"https:\/\/sonsofeternity.de\/#website","url":"https:\/\/sonsofeternity.de\/","name":"Sons of Eternity","description":"Metalband from Germany","publisher":{"@id":"https:\/\/sonsofeternity.de\/#organization"},"potentialAction":[{"@type":"SearchAction","target":{"@type":"EntryPoint","urlTemplate":"https:\/\/sonsofeternity.de\/?s={search_term_string}"},"query-input":{"@type":"PropertyValueSpecification","valueRequired":true,"valueName":"search_term_string"}}],"inLanguage":"en-US"},{"@type":"Organization","@id":"https:\/\/sonsofeternity.de\/#organization","name":"Sons of Eternity","url":"https:\/\/sonsofeternity.de\/","logo":{"@type":"ImageObject","inLanguage":"en-US","@id":"https:\/\/sonsofeternity.de\/#\/schema\/logo\/image\/","url":"https:\/\/sonsofeternity.de\/wp-content\/uploads\/2023\/03\/soe-logo-mit-schrift.png","contentUrl":"https:\/\/sonsofeternity.de\/wp-content\/uploads\/2023\/03\/soe-logo-mit-schrift.png","width":1934,"height":320,"caption":"Sons of Eternity"},"image":{"@id":"https:\/\/sonsofeternity.de\/#\/schema\/logo\/image\/"},"sameAs":["https:\/\/www.facebook.com\/SonsOfEternityBand"]}]}},"_links":{"self":[{"href":"https:\/\/sonsofeternity.de\/en\/wp-json\/wp\/v2\/pages\/77","targetHints":{"allow":["GET"]}}],"collection":[{"href":"https:\/\/sonsofeternity.de\/en\/wp-json\/wp\/v2\/pages"}],"about":[{"href":"https:\/\/sonsofeternity.de\/en\/wp-json\/wp\/v2\/types\/page"}],"author":[{"embeddable":true,"href":"https:\/\/sonsofeternity.de\/en\/wp-json\/wp\/v2\/users\/1"}],"replies":[{"embeddable":true,"href":"https:\/\/sonsofeternity.de\/en\/wp-json\/wp\/v2\/comments?post=77"}],"version-history":[{"count":106,"href":"https:\/\/sonsofeternity.de\/en\/wp-json\/wp\/v2\/pages\/77\/revisions"}],"predecessor-version":[{"id":2805,"href":"https:\/\/sonsofeternity.de\/en\/wp-json\/wp\/v2\/pages\/77\/revisions\/2805"}],"wp:attachment":[{"href":"https:\/\/sonsofeternity.de\/en\/wp-json\/wp\/v2\/media?parent=77"}],"curies":[{"name":"wp","href":"https:\/\/api.w.org\/{rel}","templated":true}]}}