{"id":19,"date":"2023-03-09T20:25:16","date_gmt":"2023-03-09T19:25:16","guid":{"rendered":"https:\/\/sonsofeternity.de\/?page_id=19"},"modified":"2025-01-09T11:53:21","modified_gmt":"2025-01-09T10:53:21","slug":"ueber-uns","status":"publish","type":"page","link":"https:\/\/sonsofeternity.de\/en\/ueber-uns\/","title":{"rendered":"About us"},"content":{"rendered":"<div data-elementor-type=\"wp-page\" data-elementor-id=\"19\" class=\"elementor elementor-19\">\n\t\t\t\t<div class=\"elementor-element elementor-element-01dc857 e-con-full e-flex e-con e-parent\" data-id=\"01dc857\" data-element_type=\"container\" data-e-type=\"container\" data-settings=\"{&quot;background_background&quot;:&quot;classic&quot;}\">\n\t\t<div class=\"elementor-element elementor-element-cfa140e e-flex e-con-boxed e-con e-child\" data-id=\"cfa140e\" data-element_type=\"container\" data-e-type=\"container\">\n\t\t\t\t\t<div class=\"e-con-inner\">\n\t\t<div class=\"elementor-element elementor-element-1bfaf12 e-con-full e-flex e-con e-child\" data-id=\"1bfaf12\" data-element_type=\"container\" data-e-type=\"container\" data-settings=\"{&quot;background_background&quot;:&quot;classic&quot;}\">\n\t\t\t\t<div class=\"elementor-element elementor-element-b297785 elementor-widget elementor-widget-text-editor\" data-id=\"b297785\" data-element_type=\"widget\" data-e-type=\"widget\" data-widget_type=\"text-editor.default\">\n\t\t\t\t<div class=\"elementor-widget-container\">\n\t\t\t\t\t\t\t\t\t<p><strong>\u201eWe won\u2019t live in silence\u2026\u201c<\/strong><\/p>\n<p class=\"translation-block\">This is not only the striking text line of the first track of the debut disc of <strong>Sons of Eternity<\/strong>, but also at the same time motto of the melodic \/ powermetal band from Germany: Fat guitar riffs, precise rhythms and critical lyrics make the stage tremble and ensure flying hair and raised fists!<\/p>\n<p class=\"translation-block\"><strong>Sons of Eternity<\/strong> are no strangers: This is where some of the greats of the Franconian rock and metal scene came together in 2020.<\/p>\t\t\t\t\t\t\t\t<\/div>\n\t\t\t\t<\/div>\n\t\t\t\t<div class=\"elementor-element elementor-element-5fefaa6 elementor-widget elementor-widget-image\" data-id=\"5fefaa6\" data-element_type=\"widget\" data-e-type=\"widget\" data-widget_type=\"image.default\">\n\t\t\t\t<div class=\"elementor-widget-container\">\n\t\t\t\t\t\t\t\t\t\t\t\t\t\t\t<img fetchpriority=\"high\" decoding=\"async\" width=\"1024\" height=\"551\" src=\"https:\/\/sonsofeternity.de\/wp-content\/uploads\/2023\/09\/PXL_20230609_165643897crop-1024x551.jpg\" class=\"attachment-large size-large wp-image-1552\" alt=\"\" srcset=\"https:\/\/sonsofeternity.de\/wp-content\/uploads\/2023\/09\/PXL_20230609_165643897crop-1024x551.jpg 1024w, https:\/\/sonsofeternity.de\/wp-content\/uploads\/2023\/09\/PXL_20230609_165643897crop-300x161.jpg 300w, https:\/\/sonsofeternity.de\/wp-content\/uploads\/2023\/09\/PXL_20230609_165643897crop-768x413.jpg 768w, https:\/\/sonsofeternity.de\/wp-content\/uploads\/2023\/09\/PXL_20230609_165643897crop-1536x827.jpg 1536w, https:\/\/sonsofeternity.de\/wp-content\/uploads\/2023\/09\/PXL_20230609_165643897crop-2048x1102.jpg 2048w, https:\/\/sonsofeternity.de\/wp-content\/uploads\/2023\/09\/PXL_20230609_165643897crop-18x10.jpg 18w\" sizes=\"(max-width: 1024px) 100vw, 1024px\" \/>\t\t\t\t\t\t\t\t\t\t\t\t\t\t\t<\/div>\n\t\t\t\t<\/div>\n\t\t\t\t<div class=\"elementor-element elementor-element-e42f2d0 elementor-widget elementor-widget-text-editor\" data-id=\"e42f2d0\" data-element_type=\"widget\" data-e-type=\"widget\" data-widget_type=\"text-editor.default\">\n\t\t\t\t<div class=\"elementor-widget-container\">\n\t\t\t\t\t\t\t\t\t<div id=\"pageContainer1\" class=\"_page_1gl8y_100 translation-block\" data-index=\"0\">Singer <strong>Matthias \"Schenky\" Schenk<\/strong>, known from the hard rockers of Shylock, delivers his catchy hooklines with a high sing-along factor and always provides a stirring atmosphere with his charismatic stage presence.<\/div><div class=\"_page_1gl8y_100 translation-block\" data-index=\"0\">Guitarist <strong>Matthias \"Church\" Kirchgessner<\/strong>  has worked as a studio and live musician in the past three decades in so many pop, rock &amp; metal bands and productions that a detailed list would go beyond the scope. For example, he has worked for acts such as Haggard or Paul Dianno. His solo album \u201e<a href=\"https:\/\/www.youtube.com\/watch?v=kLXlpiDRsIg&amp;list=OLAK5uy_mhQuaRu4cGjvzc2_rNS0BVdZZhLmkfvRw\" target=\"_self\">Tears of God<\/a>\u201c was awarded Album of the Month in GITARRE &amp; BASS Magazine January 2016.<\/div><div class=\"_page_1gl8y_100 translation-block\" data-index=\"0\">SOE's guitar duo is complemented by multi-instrumentalist Jonas Ro\u00dfner, who worked as a keyboardist with the symphonic metal band Beyond the Black, among others, and at times also played the SOE bass in the band. He now provides the fat riffs on the rhythm guitar.<\/div><div class=\"_page_1gl8y_100\" data-index=\"0\">The precise rhythm section of the Sons of Eternity is formed by Bassist <strong>Freddy M\u00fcller-Schartl<\/strong>, known from the Black Metal group <a href=\"https:\/\/de.wikipedia.org\/wiki\/Apokrypha\">Apokrypha<\/a> and drummer <strong>Thomas Abts<\/strong> from Prog Metal veterans <a href=\"https:\/\/www.crises.de\">Crises<\/a>.<\/div><div data-index=\"0\">\u00a0<\/div><p class=\"translation-block\">For the mix of the 11 songs of the debut disc \"End of Silence\" Sons of Eternity could win none other than metal producer legend Sascha Paeth from Avantasia, who has worked with Gamma Ray, Running Wild, Angra, Edguy and many more. He created a powerful yet transparent sound for \u201e<a href=\"https:\/\/sonsofeternity.de\/en\/musik\/\" target=\"_self\"><strong>END OF SILENCE<\/strong><\/a>\u201c, which emphasizes the quality of the song material and gives each title its own character.<\/p><p class=\"translation-block\">The different stylistic backgrounds of the individual members merge in <strong>Sons of Eternity<\/strong> to a broad, varied and exciting mix of styles. The band finds the big common denominator of influences in the classic metal of the 80s and 90s, in bands like Iron Maiden, Metallica, Blind Guardian, Queensryche or Helloween.<\/p><p>But if you listen closely, you'll also find influences ranging from the broader past, like Led Zeppelin, to the modern era to Avenged Sevenfold or Bullet for my Valentine.<\/p><p class=\"translation-block\">The many years of stage experience of all band members can be felt at every minute in the live shows of <strong>Sons of Eternity<\/strong>, who know how to engage the audience from the first minute and make it an integral part.<\/p>\t\t\t\t\t\t\t\t<\/div>\n\t\t\t\t<\/div>\n\t\t<div class=\"elementor-element elementor-element-1b4742d e-flex e-con-boxed e-con e-child\" data-id=\"1b4742d\" data-element_type=\"container\" data-e-type=\"container\">\n\t\t\t\t\t<div class=\"e-con-inner\">\n\t\t\t\t<div class=\"elementor-element elementor-element-d4b7e6a elementor-view-default elementor-widget elementor-widget-icon\" data-id=\"d4b7e6a\" data-element_type=\"widget\" data-e-type=\"widget\" data-widget_type=\"icon.default\">\n\t\t\t\t<div class=\"elementor-widget-container\">\n\t\t\t\t\t\t\t<div class=\"elementor-icon-wrapper\">\n\t\t\t<a class=\"elementor-icon\" href=\"https:\/\/sonsofeternity.de\/en\/musik\/\">\n\t\t\t<i aria-hidden=\"true\" class=\"fas fa-headphones\"><\/i>\t\t\t<\/a>\n\t\t<\/div>\n\t\t\t\t\t\t<\/div>\n\t\t\t\t<\/div>\n\t\t\t\t<div class=\"elementor-element elementor-element-991aba2 elementor-widget elementor-widget-text-editor\" data-id=\"991aba2\" data-element_type=\"widget\" data-e-type=\"widget\" data-widget_type=\"text-editor.default\">\n\t\t\t\t<div class=\"elementor-widget-container\">\n\t\t\t\t\t\t\t\t\t<p><a href=\"https:\/\/sonsofeternity.de\/en\/musik\/\">Listen<\/a><\/p>\t\t\t\t\t\t\t\t<\/div>\n\t\t\t\t<\/div>\n\t\t\t\t\t<\/div>\n\t\t\t\t<\/div>\n\t\t\t\t<\/div>\n\t\t\t\t\t<\/div>\n\t\t\t\t<\/div>\n\t\t\t\t<\/div>\n\t\t\t\t<\/div>","protected":false},"excerpt":{"rendered":"<p>\u201eWe won\u2019t live in silence\u2026\u201c Das ist nicht nur die markante Textzeile des ersten Tracks der Deb\u00fctscheibe der Sons of Eternity, sondern auch gleichzeitig Motto der Melodic\/Powermetalband aus Franken: Fette Gitarrenriffs, pr\u00e4zise Rhythmen und kritische Texte lassen die B\u00fchne erbeben und sorgen f\u00fcr fliegende Haare und erhobene F\u00e4uste! Sons of Eternity sind keine Unbekannten: Hier [&hellip;]<\/p>\n","protected":false},"author":1,"featured_media":0,"parent":0,"menu_order":0,"comment_status":"closed","ping_status":"closed","template":"","meta":{"footnotes":""},"class_list":["post-19","page","type-page","status-publish","hentry","entry"],"yoast_head":"<!-- This site is optimized with the Yoast SEO plugin v27.2 - https:\/\/yoast.com\/product\/yoast-seo-wordpress\/ -->\n<title>\u00dcber uns - Sons of Eternity<\/title>\n<meta name=\"robots\" content=\"index, follow, max-snippet:-1, max-image-preview:large, max-video-preview:-1\" \/>\n<link rel=\"canonical\" href=\"https:\/\/sonsofeternity.de\/en\/ueber-uns\/\" \/>\n<meta property=\"og:locale\" content=\"en_US\" \/>\n<meta property=\"og:type\" content=\"article\" \/>\n<meta property=\"og:title\" content=\"\u00dcber uns - Sons of Eternity\" \/>\n<meta property=\"og:description\" content=\"\u201eWe won\u2019t live in silence\u2026\u201c Das ist nicht nur die markante Textzeile des ersten Tracks der Deb\u00fctscheibe der Sons of Eternity, sondern auch gleichzeitig Motto der Melodic\/Powermetalband aus Franken: Fette Gitarrenriffs, pr\u00e4zise Rhythmen und kritische Texte lassen die B\u00fchne erbeben und sorgen f\u00fcr fliegende Haare und erhobene F\u00e4uste! Sons of Eternity sind keine Unbekannten: Hier [&hellip;]\" \/>\n<meta property=\"og:url\" content=\"https:\/\/sonsofeternity.de\/en\/ueber-uns\/\" \/>\n<meta property=\"og:site_name\" content=\"Sons of Eternity\" \/>\n<meta property=\"article:publisher\" content=\"https:\/\/www.facebook.com\/SonsOfEternityBand\" \/>\n<meta property=\"article:modified_time\" content=\"2025-01-09T10:53:21+00:00\" \/>\n<meta property=\"og:image\" content=\"https:\/\/sonsofeternity.de\/wp-content\/uploads\/2023\/09\/PXL_20230609_165643897crop-scaled.jpg\" \/>\n\t<meta property=\"og:image:width\" content=\"2560\" \/>\n\t<meta property=\"og:image:height\" content=\"1378\" \/>\n\t<meta property=\"og:image:type\" content=\"image\/jpeg\" \/>\n<meta name=\"twitter:card\" content=\"summary_large_image\" \/>\n<meta name=\"twitter:label1\" content=\"Est. reading time\" \/>\n\t<meta name=\"twitter:data1\" content=\"3 minutes\" \/>\n<script type=\"application\/ld+json\" class=\"yoast-schema-graph\">{\"@context\":\"https:\/\/schema.org\",\"@graph\":[{\"@type\":\"WebPage\",\"@id\":\"https:\/\/sonsofeternity.de\/ueber-uns\/\",\"url\":\"https:\/\/sonsofeternity.de\/ueber-uns\/\",\"name\":\"\u00dcber uns - Sons of Eternity\",\"isPartOf\":{\"@id\":\"https:\/\/sonsofeternity.de\/#website\"},\"primaryImageOfPage\":{\"@id\":\"https:\/\/sonsofeternity.de\/ueber-uns\/#primaryimage\"},\"image\":{\"@id\":\"https:\/\/sonsofeternity.de\/ueber-uns\/#primaryimage\"},\"thumbnailUrl\":\"https:\/\/sonsofeternity.de\/wp-content\/uploads\/2023\/09\/PXL_20230609_165643897crop-1024x551.jpg\",\"datePublished\":\"2023-03-09T19:25:16+00:00\",\"dateModified\":\"2025-01-09T10:53:21+00:00\",\"breadcrumb\":{\"@id\":\"https:\/\/sonsofeternity.de\/ueber-uns\/#breadcrumb\"},\"inLanguage\":\"en-US\",\"potentialAction\":[{\"@type\":\"ReadAction\",\"target\":[\"https:\/\/sonsofeternity.de\/ueber-uns\/\"]}]},{\"@type\":\"ImageObject\",\"inLanguage\":\"en-US\",\"@id\":\"https:\/\/sonsofeternity.de\/ueber-uns\/#primaryimage\",\"url\":\"https:\/\/sonsofeternity.de\/wp-content\/uploads\/2023\/09\/PXL_20230609_165643897crop-1024x551.jpg\",\"contentUrl\":\"https:\/\/sonsofeternity.de\/wp-content\/uploads\/2023\/09\/PXL_20230609_165643897crop-1024x551.jpg\"},{\"@type\":\"BreadcrumbList\",\"@id\":\"https:\/\/sonsofeternity.de\/ueber-uns\/#breadcrumb\",\"itemListElement\":[{\"@type\":\"ListItem\",\"position\":1,\"name\":\"Startseite\",\"item\":\"https:\/\/sonsofeternity.de\/\"},{\"@type\":\"ListItem\",\"position\":2,\"name\":\"\u00dcber uns\"}]},{\"@type\":\"WebSite\",\"@id\":\"https:\/\/sonsofeternity.de\/#website\",\"url\":\"https:\/\/sonsofeternity.de\/\",\"name\":\"Sons of Eternity\",\"description\":\"Metalband from Germany\",\"publisher\":{\"@id\":\"https:\/\/sonsofeternity.de\/#organization\"},\"potentialAction\":[{\"@type\":\"SearchAction\",\"target\":{\"@type\":\"EntryPoint\",\"urlTemplate\":\"https:\/\/sonsofeternity.de\/?s={search_term_string}\"},\"query-input\":{\"@type\":\"PropertyValueSpecification\",\"valueRequired\":true,\"valueName\":\"search_term_string\"}}],\"inLanguage\":\"en-US\"},{\"@type\":\"Organization\",\"@id\":\"https:\/\/sonsofeternity.de\/#organization\",\"name\":\"Sons of Eternity\",\"url\":\"https:\/\/sonsofeternity.de\/\",\"logo\":{\"@type\":\"ImageObject\",\"inLanguage\":\"en-US\",\"@id\":\"https:\/\/sonsofeternity.de\/#\/schema\/logo\/image\/\",\"url\":\"https:\/\/sonsofeternity.de\/wp-content\/uploads\/2023\/03\/soe-logo-mit-schrift.png\",\"contentUrl\":\"https:\/\/sonsofeternity.de\/wp-content\/uploads\/2023\/03\/soe-logo-mit-schrift.png\",\"width\":1934,\"height\":320,\"caption\":\"Sons of Eternity\"},\"image\":{\"@id\":\"https:\/\/sonsofeternity.de\/#\/schema\/logo\/image\/\"},\"sameAs\":[\"https:\/\/www.facebook.com\/SonsOfEternityBand\"]}]}<\/script>\n<!-- \/ Yoast SEO plugin. -->","yoast_head_json":{"title":"\u00dcber uns - Sons of Eternity","robots":{"index":"index","follow":"follow","max-snippet":"max-snippet:-1","max-image-preview":"max-image-preview:large","max-video-preview":"max-video-preview:-1"},"canonical":"https:\/\/sonsofeternity.de\/en\/ueber-uns\/","og_locale":"en_US","og_type":"article","og_title":"\u00dcber uns - Sons of Eternity","og_description":"\u201eWe won\u2019t live in silence\u2026\u201c Das ist nicht nur die markante Textzeile des ersten Tracks der Deb\u00fctscheibe der Sons of Eternity, sondern auch gleichzeitig Motto der Melodic\/Powermetalband aus Franken: Fette Gitarrenriffs, pr\u00e4zise Rhythmen und kritische Texte lassen die B\u00fchne erbeben und sorgen f\u00fcr fliegende Haare und erhobene F\u00e4uste! Sons of Eternity sind keine Unbekannten: Hier [&hellip;]","og_url":"https:\/\/sonsofeternity.de\/en\/ueber-uns\/","og_site_name":"Sons of Eternity","article_publisher":"https:\/\/www.facebook.com\/SonsOfEternityBand","article_modified_time":"2025-01-09T10:53:21+00:00","og_image":[{"width":2560,"height":1378,"url":"https:\/\/sonsofeternity.de\/wp-content\/uploads\/2023\/09\/PXL_20230609_165643897crop-scaled.jpg","type":"image\/jpeg"}],"twitter_card":"summary_large_image","twitter_misc":{"Est. reading time":"3 minutes"},"schema":{"@context":"https:\/\/schema.org","@graph":[{"@type":"WebPage","@id":"https:\/\/sonsofeternity.de\/ueber-uns\/","url":"https:\/\/sonsofeternity.de\/ueber-uns\/","name":"\u00dcber uns - Sons of Eternity","isPartOf":{"@id":"https:\/\/sonsofeternity.de\/#website"},"primaryImageOfPage":{"@id":"https:\/\/sonsofeternity.de\/ueber-uns\/#primaryimage"},"image":{"@id":"https:\/\/sonsofeternity.de\/ueber-uns\/#primaryimage"},"thumbnailUrl":"https:\/\/sonsofeternity.de\/wp-content\/uploads\/2023\/09\/PXL_20230609_165643897crop-1024x551.jpg","datePublished":"2023-03-09T19:25:16+00:00","dateModified":"2025-01-09T10:53:21+00:00","breadcrumb":{"@id":"https:\/\/sonsofeternity.de\/ueber-uns\/#breadcrumb"},"inLanguage":"en-US","potentialAction":[{"@type":"ReadAction","target":["https:\/\/sonsofeternity.de\/ueber-uns\/"]}]},{"@type":"ImageObject","inLanguage":"en-US","@id":"https:\/\/sonsofeternity.de\/ueber-uns\/#primaryimage","url":"https:\/\/sonsofeternity.de\/wp-content\/uploads\/2023\/09\/PXL_20230609_165643897crop-1024x551.jpg","contentUrl":"https:\/\/sonsofeternity.de\/wp-content\/uploads\/2023\/09\/PXL_20230609_165643897crop-1024x551.jpg"},{"@type":"BreadcrumbList","@id":"https:\/\/sonsofeternity.de\/ueber-uns\/#breadcrumb","itemListElement":[{"@type":"ListItem","position":1,"name":"Startseite","item":"https:\/\/sonsofeternity.de\/"},{"@type":"ListItem","position":2,"name":"\u00dcber uns"}]},{"@type":"WebSite","@id":"https:\/\/sonsofeternity.de\/#website","url":"https:\/\/sonsofeternity.de\/","name":"Sons of Eternity","description":"Metalband from Germany","publisher":{"@id":"https:\/\/sonsofeternity.de\/#organization"},"potentialAction":[{"@type":"SearchAction","target":{"@type":"EntryPoint","urlTemplate":"https:\/\/sonsofeternity.de\/?s={search_term_string}"},"query-input":{"@type":"PropertyValueSpecification","valueRequired":true,"valueName":"search_term_string"}}],"inLanguage":"en-US"},{"@type":"Organization","@id":"https:\/\/sonsofeternity.de\/#organization","name":"Sons of Eternity","url":"https:\/\/sonsofeternity.de\/","logo":{"@type":"ImageObject","inLanguage":"en-US","@id":"https:\/\/sonsofeternity.de\/#\/schema\/logo\/image\/","url":"https:\/\/sonsofeternity.de\/wp-content\/uploads\/2023\/03\/soe-logo-mit-schrift.png","contentUrl":"https:\/\/sonsofeternity.de\/wp-content\/uploads\/2023\/03\/soe-logo-mit-schrift.png","width":1934,"height":320,"caption":"Sons of Eternity"},"image":{"@id":"https:\/\/sonsofeternity.de\/#\/schema\/logo\/image\/"},"sameAs":["https:\/\/www.facebook.com\/SonsOfEternityBand"]}]}},"_links":{"self":[{"href":"https:\/\/sonsofeternity.de\/en\/wp-json\/wp\/v2\/pages\/19","targetHints":{"allow":["GET"]}}],"collection":[{"href":"https:\/\/sonsofeternity.de\/en\/wp-json\/wp\/v2\/pages"}],"about":[{"href":"https:\/\/sonsofeternity.de\/en\/wp-json\/wp\/v2\/types\/page"}],"author":[{"embeddable":true,"href":"https:\/\/sonsofeternity.de\/en\/wp-json\/wp\/v2\/users\/1"}],"replies":[{"embeddable":true,"href":"https:\/\/sonsofeternity.de\/en\/wp-json\/wp\/v2\/comments?post=19"}],"version-history":[{"count":76,"href":"https:\/\/sonsofeternity.de\/en\/wp-json\/wp\/v2\/pages\/19\/revisions"}],"predecessor-version":[{"id":2384,"href":"https:\/\/sonsofeternity.de\/en\/wp-json\/wp\/v2\/pages\/19\/revisions\/2384"}],"wp:attachment":[{"href":"https:\/\/sonsofeternity.de\/en\/wp-json\/wp\/v2\/media?parent=19"}],"curies":[{"name":"wp","href":"https:\/\/api.w.org\/{rel}","templated":true}]}}