{"id":498,"date":"2023-03-13T21:02:05","date_gmt":"2023-03-13T20:02:05","guid":{"rendered":"https:\/\/sonsofeternity.de\/?page_id=498"},"modified":"2023-05-09T12:34:04","modified_gmt":"2023-05-09T10:34:04","slug":"jonas","status":"publish","type":"page","link":"http:\/\/sonsofeternity.de\/en\/band\/jonas\/","title":{"rendered":"Jonas"},"content":{"rendered":"<div data-elementor-type=\"wp-page\" data-elementor-id=\"498\" class=\"elementor elementor-498\">\n\t\t\t\t<div class=\"elementor-element elementor-element-101d228 e-con-full e-flex e-con e-parent\" data-id=\"101d228\" data-element_type=\"container\" data-e-type=\"container\" data-settings=\"{&quot;background_background&quot;:&quot;classic&quot;}\">\n\t\t<div class=\"elementor-element elementor-element-5ac057f e-flex e-con-boxed e-con e-parent\" data-id=\"5ac057f\" data-element_type=\"container\" data-e-type=\"container\">\n\t\t\t\t\t<div class=\"e-con-inner\">\n\t\t<div class=\"elementor-element elementor-element-79b7eb1 e-con-full e-flex e-con e-parent\" data-id=\"79b7eb1\" data-element_type=\"container\" data-e-type=\"container\">\n\t\t\t\t<div class=\"elementor-element elementor-element-f32aa41 elementor-widget elementor-widget-text-editor\" data-id=\"f32aa41\" data-element_type=\"widget\" data-e-type=\"widget\" data-widget_type=\"text-editor.default\">\n\t\t\t\t<div class=\"elementor-widget-container\">\n\t\t\t\t\t\t\t\t\t<h2>Jonas<\/h2>\t\t\t\t\t\t\t\t<\/div>\n\t\t\t\t<\/div>\n\t\t<div class=\"elementor-element elementor-element-3068bdf e-flex e-con-boxed e-con e-parent\" data-id=\"3068bdf\" data-element_type=\"container\" data-e-type=\"container\">\n\t\t\t\t\t<div class=\"e-con-inner\">\n\t\t\t\t<div class=\"elementor-element elementor-element-cae8868 elementor-widget elementor-widget-image\" data-id=\"cae8868\" data-element_type=\"widget\" data-e-type=\"widget\" data-widget_type=\"image.default\">\n\t\t\t\t<div class=\"elementor-widget-container\">\n\t\t\t\t\t\t\t\t\t\t\t\t\t\t\t<img decoding=\"async\" width=\"150\" height=\"150\" src=\"https:\/\/sonsofeternity.de\/wp-content\/uploads\/2023\/03\/jonas1-150x150.jpg\" class=\"attachment-thumbnail size-thumbnail wp-image-59\" alt=\"\" srcset=\"https:\/\/sonsofeternity.de\/wp-content\/uploads\/2023\/03\/jonas1-150x150.jpg 150w, https:\/\/sonsofeternity.de\/wp-content\/uploads\/2023\/03\/jonas1-300x300.jpg 300w, https:\/\/sonsofeternity.de\/wp-content\/uploads\/2023\/03\/jonas1.jpg 484w\" sizes=\"(max-width: 150px) 100vw, 150px\" \/>\t\t\t\t\t\t\t\t\t\t\t\t\t\t\t<\/div>\n\t\t\t\t<\/div>\n\t\t\t\t<div class=\"elementor-element elementor-element-fb31d6b elementor-widget elementor-widget-text-editor\" data-id=\"fb31d6b\" data-element_type=\"widget\" data-e-type=\"widget\" data-widget_type=\"text-editor.default\">\n\t\t\t\t<div class=\"elementor-widget-container\">\n\t\t\t\t\t\t\t\t\t<p><strong>How did you get involved in SOE?<\/strong><br \/>I already knew guitarist \"Church\" through various other studio &amp; live projects. One day he called me and told me about a new evolving project with a singer from the W\u00fcrzburg area. Listening to the first demos it was clear to me that playing these songs live would have to be incredible fun. After my guitar skills, which were also evolving, were not enough of a deterrent during the first rehearsal with Thomas, Church and Schenky, I am now with SOE.<\/p>\t\t\t\t\t\t\t\t<\/div>\n\t\t\t\t<\/div>\n\t\t\t\t\t<\/div>\n\t\t\t\t<\/div>\n\t\t\t\t<div class=\"elementor-element elementor-element-27d3d19 elementor-widget elementor-widget-text-editor\" data-id=\"27d3d19\" data-element_type=\"widget\" data-e-type=\"widget\" data-widget_type=\"text-editor.default\">\n\t\t\t\t<div class=\"elementor-widget-container\">\n\t\t\t\t\t\t\t\t\t<p><strong>What else do you do at SOE?<\/strong><br \/>Apart from bad jokes, beer consumption and hard riffs, I also took care of the pre-mixes of the songs for the first album and the following communication between the band and Sascha Paeth (mix) and Ludwig Maier (master). For the following album I will also contribute music &amp; lyrics.<\/p>\t\t\t\t\t\t\t\t<\/div>\n\t\t\t\t<\/div>\n\t\t\t\t<div class=\"elementor-element elementor-element-a742387 elementor-widget elementor-widget-image-gallery\" data-id=\"a742387\" data-element_type=\"widget\" data-e-type=\"widget\" data-widget_type=\"image-gallery.default\">\n\t\t\t\t<div class=\"elementor-widget-container\">\n\t\t\t\t\t\t\t<div class=\"elementor-image-gallery\">\n\t\t\t<div id='gallery-1' class='gallery galleryid-498 gallery-columns-4 gallery-size-thumbnail'><figure class='gallery-item'>\n\t\t\t<div class='gallery-icon landscape'>\n\t\t\t\t<a data-elementor-open-lightbox=\"yes\" data-elementor-lightbox-slideshow=\"a742387\" data-elementor-lightbox-title=\"01-Drehtag-1-Band_01.01_22_18_23.Still012-LR1\" data-e-action-hash=\"#elementor-action%3Aaction%3Dlightbox%26settings%3DeyJpZCI6OTc0LCJ1cmwiOiJodHRwczpcL1wvc29uc29mZXRlcm5pdHkuZGVcL3dwLWNvbnRlbnRcL3VwbG9hZHNcLzIwMjNcLzAzXC8wMS1EcmVodGFnLTEtQmFuZF8wMS4wMV8yMl8xOF8yMy5TdGlsbDAxMi1MUjEtc2NhbGVkLmpwZyIsInNsaWRlc2hvdyI6ImE3NDIzODcifQ%3D%3D\" href='https:\/\/sonsofeternity.de\/wp-content\/uploads\/2023\/03\/01-Drehtag-1-Band_01.01_22_18_23.Still012-LR1-scaled.jpg'><img decoding=\"async\" width=\"150\" height=\"150\" src=\"https:\/\/sonsofeternity.de\/wp-content\/uploads\/2023\/03\/01-Drehtag-1-Band_01.01_22_18_23.Still012-LR1-150x150.jpg\" class=\"attachment-thumbnail size-thumbnail\" alt=\"\" srcset=\"https:\/\/sonsofeternity.de\/wp-content\/uploads\/2023\/03\/01-Drehtag-1-Band_01.01_22_18_23.Still012-LR1-150x150.jpg 150w, https:\/\/sonsofeternity.de\/wp-content\/uploads\/2023\/03\/01-Drehtag-1-Band_01.01_22_18_23.Still012-LR1-600x600.jpg 600w\" sizes=\"(max-width: 150px) 100vw, 150px\" \/><\/a>\n\t\t\t<\/div><\/figure><figure class='gallery-item'>\n\t\t\t<div class='gallery-icon landscape'>\n\t\t\t\t<a data-elementor-open-lightbox=\"yes\" data-elementor-lightbox-slideshow=\"a742387\" data-elementor-lightbox-title=\"2 IMG_20220826_092127\" data-e-action-hash=\"#elementor-action%3Aaction%3Dlightbox%26settings%3DeyJpZCI6Nzg4LCJ1cmwiOiJodHRwczpcL1wvc29uc29mZXRlcm5pdHkuZGVcL3dwLWNvbnRlbnRcL3VwbG9hZHNcLzIwMjNcLzAzXC8yLUlNR18yMDIyMDgyNl8wOTIxMjctc2NhbGVkLmpwZyIsInNsaWRlc2hvdyI6ImE3NDIzODcifQ%3D%3D\" href='https:\/\/sonsofeternity.de\/wp-content\/uploads\/2023\/03\/2-IMG_20220826_092127-scaled.jpg'><img decoding=\"async\" width=\"150\" height=\"150\" src=\"https:\/\/sonsofeternity.de\/wp-content\/uploads\/2023\/03\/2-IMG_20220826_092127-150x150.jpg\" class=\"attachment-thumbnail size-thumbnail\" alt=\"\" srcset=\"https:\/\/sonsofeternity.de\/wp-content\/uploads\/2023\/03\/2-IMG_20220826_092127-150x150.jpg 150w, https:\/\/sonsofeternity.de\/wp-content\/uploads\/2023\/03\/2-IMG_20220826_092127-600x600.jpg 600w\" sizes=\"(max-width: 150px) 100vw, 150px\" \/><\/a>\n\t\t\t<\/div><\/figure><figure class='gallery-item'>\n\t\t\t<div class='gallery-icon landscape'>\n\t\t\t\t<a data-elementor-open-lightbox=\"yes\" data-elementor-lightbox-slideshow=\"a742387\" data-elementor-lightbox-title=\"jonas_background1\" data-e-action-hash=\"#elementor-action%3Aaction%3Dlightbox%26settings%3DeyJpZCI6NTA1LCJ1cmwiOiJodHRwczpcL1wvc29uc29mZXRlcm5pdHkuZGVcL3dwLWNvbnRlbnRcL3VwbG9hZHNcLzIwMjNcLzAzXC9qb25hc19iYWNrZ3JvdW5kMS5qcGciLCJzbGlkZXNob3ciOiJhNzQyMzg3In0%3D\" href='https:\/\/sonsofeternity.de\/wp-content\/uploads\/2023\/03\/jonas_background1.jpg'><img loading=\"lazy\" decoding=\"async\" width=\"150\" height=\"150\" src=\"https:\/\/sonsofeternity.de\/wp-content\/uploads\/2023\/03\/jonas_background1-150x150.jpg\" class=\"attachment-thumbnail size-thumbnail\" alt=\"\" srcset=\"https:\/\/sonsofeternity.de\/wp-content\/uploads\/2023\/03\/jonas_background1-150x150.jpg 150w, https:\/\/sonsofeternity.de\/wp-content\/uploads\/2023\/03\/jonas_background1-600x600.jpg 600w\" sizes=\"(max-width: 150px) 100vw, 150px\" \/><\/a>\n\t\t\t<\/div><\/figure><figure class='gallery-item'>\n\t\t\t<div class='gallery-icon landscape'>\n\t\t\t\t<a data-elementor-open-lightbox=\"yes\" data-elementor-lightbox-slideshow=\"a742387\" data-elementor-lightbox-title=\"Bhof_23_03\" data-e-action-hash=\"#elementor-action%3Aaction%3Dlightbox%26settings%3DeyJpZCI6MTEyMCwidXJsIjoiaHR0cHM6XC9cL3NvbnNvZmV0ZXJuaXR5LmRlXC93cC1jb250ZW50XC91cGxvYWRzXC8yMDIzXC8wNFwvQmhvZl8yM18wMy0xLXNjYWxlZC5qcGciLCJzbGlkZXNob3ciOiJhNzQyMzg3In0%3D\" href='https:\/\/sonsofeternity.de\/wp-content\/uploads\/2023\/04\/Bhof_23_03-1-scaled.jpg'><img loading=\"lazy\" decoding=\"async\" width=\"150\" height=\"150\" src=\"https:\/\/sonsofeternity.de\/wp-content\/uploads\/2023\/04\/Bhof_23_03-1-150x150.jpg\" class=\"attachment-thumbnail size-thumbnail\" alt=\"\" \/><\/a>\n\t\t\t<\/div><\/figure>\n\t\t<\/div>\n\t\t<\/div>\n\t\t\t\t\t\t<\/div>\n\t\t\t\t<\/div>\n\t\t\t\t<div class=\"elementor-element elementor-element-7aee406 elementor-widget elementor-widget-text-editor\" data-id=\"7aee406\" data-element_type=\"widget\" data-e-type=\"widget\" data-widget_type=\"text-editor.default\">\n\t\t\t\t<div class=\"elementor-widget-container\">\n\t\t\t\t\t\t\t\t\t<p><strong>What were your musical activities before SOE?<\/strong><br \/>My first band before studying music was called \"Cursed\". With friends from school we played covers from Alannah Myles to Porcupine Tree.<br \/>\"Al Breeze\" was formed after graduation and was my first \"real\" band with my own music. We mixed influences from all genres to a virtuosic-progressive EP and an album, both recorded in the band's own studio in Nuremberg. Thanks to Spotify and Co. you can still listen to it.<br \/>Until then I was strictly a keyboard player and singer. My first attempts at playing guitar were with the band \"Rockheroes.\" <br \/>The idea behind the band was (or is - meanwhile only without me) \"good buddies having with their favorite music\". That was pretty much everything from 70s to current rock.<br \/>My keyboard career reached its zenith with the German symphonic metallers \"Beyond the Black\", where I played the keys from 2016-2018. We had a lot of fun at small and big festivals and tours through Europe. What remained of it is my passion for sushi - found in Tokyo \ud83d\ude09<\/p>\t\t\t\t\t\t\t\t<\/div>\n\t\t\t\t<\/div>\n\t\t<div class=\"elementor-element elementor-element-c14d5a1 e-flex e-con-boxed e-con e-parent\" data-id=\"c14d5a1\" data-element_type=\"container\" data-e-type=\"container\">\n\t\t\t\t\t<div class=\"e-con-inner\">\n\t\t\t\t<div class=\"elementor-element elementor-element-e0f329e elementor-widget elementor-widget-text-editor\" data-id=\"e0f329e\" data-element_type=\"widget\" data-e-type=\"widget\" data-widget_type=\"text-editor.default\">\n\t\t\t\t<div class=\"elementor-widget-container\">\n\t\t\t\t\t\t\t\t\t<p><strong>How did you get into playing the guitar?<\/strong><br \/>Actually I've been playing guitar in a very rudimentary way - power chords with lots of distortion - since I started writing my own songs at the age of 16. I started \"serious\" practicing after I left BTB, as a distraction or therapy from the sobering experience of how \"relevant\" keyboard players\" or real live played keyboard parts still are in the metal scene nowadays.<\/p>\t\t\t\t\t\t\t\t<\/div>\n\t\t\t\t<\/div>\n\t\t\t\t\t<\/div>\n\t\t\t\t<\/div>\n\t\t\t\t<div class=\"elementor-element elementor-element-243fcba elementor-widget elementor-widget-text-editor\" data-id=\"243fcba\" data-element_type=\"widget\" data-e-type=\"widget\" data-widget_type=\"text-editor.default\">\n\t\t\t\t<div class=\"elementor-widget-container\">\n\t\t\t\t\t\t\t\t\t<p><strong>Who are your idols?<\/strong><br \/>My parents - for their patience, generosity and justice, and my children, for their perspective on the world and life in the now.<br \/><br \/><strong>Which bands and musicians have influenced you?<\/strong><br \/>The answer to this question is - at least partially - contained in the answer to the next question \ud83d\ude42<br \/><br \/><strong>Your three records for the ages?<\/strong><br \/>Nightwish \u201cCentury Child\u201d<br \/>Avantasia \u201cScarecrow\u201d<br \/>Queensryche \u201cOperation Mindcrime\u201d<\/p>\t\t\t\t\t\t\t\t<\/div>\n\t\t\t\t<\/div>\n\t\t\t\t<\/div>\n\t\t\t\t\t<\/div>\n\t\t\t\t<\/div>\n\t\t\t\t<\/div>\n\t\t\t\t<\/div>","protected":false},"excerpt":{"rendered":"<p>Jonas Wie kamst Du zu SOE?Ich kannte Church schon durch verschiedene andere Studio- &amp; Liveprojekte. Eines Tages rief er mich an und erz\u00e4hlte mir von einem \u201cProjekt in Kinderschuhen\u201d mit einem S\u00e4nger aus der W\u00fcrzburger Gegend. Beim H\u00f6ren der ersten Demos war mir klar, dass diese Songs live zu spielen unglaublichen Spa\u00df bringen m\u00fcsste. Nachdem [&hellip;]<\/p>\n","protected":false},"author":1,"featured_media":0,"parent":38,"menu_order":2,"comment_status":"closed","ping_status":"closed","template":"","meta":{"footnotes":""},"class_list":["post-498","page","type-page","status-publish","hentry","entry"],"yoast_head":"<!-- This site is optimized with the Yoast SEO plugin v27.2 - https:\/\/yoast.com\/product\/yoast-seo-wordpress\/ -->\n<title>Jonas - Sons of Eternity<\/title>\n<meta name=\"robots\" content=\"index, follow, max-snippet:-1, max-image-preview:large, max-video-preview:-1\" \/>\n<link rel=\"canonical\" href=\"https:\/\/sonsofeternity.de\/en\/band\/jonas\/\" \/>\n<meta property=\"og:locale\" content=\"en_US\" \/>\n<meta property=\"og:type\" content=\"article\" \/>\n<meta property=\"og:title\" content=\"Jonas - Sons of Eternity\" \/>\n<meta property=\"og:description\" content=\"Jonas Wie kamst Du zu SOE?Ich kannte Church schon durch verschiedene andere Studio- &amp; Liveprojekte. Eines Tages rief er mich an und erz\u00e4hlte mir von einem \u201cProjekt in Kinderschuhen\u201d mit einem S\u00e4nger aus der W\u00fcrzburger Gegend. Beim H\u00f6ren der ersten Demos war mir klar, dass diese Songs live zu spielen unglaublichen Spa\u00df bringen m\u00fcsste. Nachdem [&hellip;]\" \/>\n<meta property=\"og:url\" content=\"https:\/\/sonsofeternity.de\/en\/band\/jonas\/\" \/>\n<meta property=\"og:site_name\" content=\"Sons of Eternity\" \/>\n<meta property=\"article:publisher\" content=\"https:\/\/www.facebook.com\/SonsOfEternityBand\" \/>\n<meta property=\"article:modified_time\" content=\"2023-05-09T10:34:04+00:00\" \/>\n<meta property=\"og:image\" content=\"https:\/\/sonsofeternity.de\/wp-content\/uploads\/2023\/03\/jonas1-150x150.jpg\" \/>\n<meta name=\"twitter:card\" content=\"summary_large_image\" \/>\n<meta name=\"twitter:label1\" content=\"Est. reading time\" \/>\n\t<meta name=\"twitter:data1\" content=\"4 minutes\" \/>\n<script type=\"application\/ld+json\" class=\"yoast-schema-graph\">{\"@context\":\"https:\/\/schema.org\",\"@graph\":[{\"@type\":\"WebPage\",\"@id\":\"https:\/\/sonsofeternity.de\/en\/band\/jonas\/\",\"url\":\"https:\/\/sonsofeternity.de\/en\/band\/jonas\/\",\"name\":\"Jonas - Sons of Eternity\",\"isPartOf\":{\"@id\":\"https:\/\/sonsofeternity.de\/#website\"},\"primaryImageOfPage\":{\"@id\":\"https:\/\/sonsofeternity.de\/en\/band\/jonas\/#primaryimage\"},\"image\":{\"@id\":\"https:\/\/sonsofeternity.de\/en\/band\/jonas\/#primaryimage\"},\"thumbnailUrl\":\"https:\/\/sonsofeternity.de\/wp-content\/uploads\/2023\/03\/jonas1-150x150.jpg\",\"datePublished\":\"2023-03-13T20:02:05+00:00\",\"dateModified\":\"2023-05-09T10:34:04+00:00\",\"breadcrumb\":{\"@id\":\"https:\/\/sonsofeternity.de\/en\/band\/jonas\/#breadcrumb\"},\"inLanguage\":\"en-US\",\"potentialAction\":[{\"@type\":\"ReadAction\",\"target\":[\"https:\/\/sonsofeternity.de\/en\/band\/jonas\/\"]}]},{\"@type\":\"ImageObject\",\"inLanguage\":\"en-US\",\"@id\":\"https:\/\/sonsofeternity.de\/en\/band\/jonas\/#primaryimage\",\"url\":\"https:\/\/sonsofeternity.de\/wp-content\/uploads\/2023\/03\/jonas1-150x150.jpg\",\"contentUrl\":\"https:\/\/sonsofeternity.de\/wp-content\/uploads\/2023\/03\/jonas1-150x150.jpg\"},{\"@type\":\"BreadcrumbList\",\"@id\":\"https:\/\/sonsofeternity.de\/en\/band\/jonas\/#breadcrumb\",\"itemListElement\":[{\"@type\":\"ListItem\",\"position\":1,\"name\":\"Startseite\",\"item\":\"https:\/\/sonsofeternity.de\/\"},{\"@type\":\"ListItem\",\"position\":2,\"name\":\"Band members of Sons of Eternity\",\"item\":\"https:\/\/sonsofeternity.de\/en\/band\/\"},{\"@type\":\"ListItem\",\"position\":3,\"name\":\"Jonas\"}]},{\"@type\":\"WebSite\",\"@id\":\"https:\/\/sonsofeternity.de\/#website\",\"url\":\"https:\/\/sonsofeternity.de\/\",\"name\":\"Sons of Eternity\",\"description\":\"Metalband from Germany\",\"publisher\":{\"@id\":\"https:\/\/sonsofeternity.de\/#organization\"},\"potentialAction\":[{\"@type\":\"SearchAction\",\"target\":{\"@type\":\"EntryPoint\",\"urlTemplate\":\"https:\/\/sonsofeternity.de\/?s={search_term_string}\"},\"query-input\":{\"@type\":\"PropertyValueSpecification\",\"valueRequired\":true,\"valueName\":\"search_term_string\"}}],\"inLanguage\":\"en-US\"},{\"@type\":\"Organization\",\"@id\":\"https:\/\/sonsofeternity.de\/#organization\",\"name\":\"Sons of Eternity\",\"url\":\"https:\/\/sonsofeternity.de\/\",\"logo\":{\"@type\":\"ImageObject\",\"inLanguage\":\"en-US\",\"@id\":\"https:\/\/sonsofeternity.de\/#\/schema\/logo\/image\/\",\"url\":\"https:\/\/sonsofeternity.de\/wp-content\/uploads\/2023\/03\/soe-logo-mit-schrift.png\",\"contentUrl\":\"https:\/\/sonsofeternity.de\/wp-content\/uploads\/2023\/03\/soe-logo-mit-schrift.png\",\"width\":1934,\"height\":320,\"caption\":\"Sons of Eternity\"},\"image\":{\"@id\":\"https:\/\/sonsofeternity.de\/#\/schema\/logo\/image\/\"},\"sameAs\":[\"https:\/\/www.facebook.com\/SonsOfEternityBand\"]}]}<\/script>\n<!-- \/ Yoast SEO plugin. -->","yoast_head_json":{"title":"Jonas - Sons of Eternity","robots":{"index":"index","follow":"follow","max-snippet":"max-snippet:-1","max-image-preview":"max-image-preview:large","max-video-preview":"max-video-preview:-1"},"canonical":"https:\/\/sonsofeternity.de\/en\/band\/jonas\/","og_locale":"en_US","og_type":"article","og_title":"Jonas - Sons of Eternity","og_description":"Jonas Wie kamst Du zu SOE?Ich kannte Church schon durch verschiedene andere Studio- &amp; Liveprojekte. Eines Tages rief er mich an und erz\u00e4hlte mir von einem \u201cProjekt in Kinderschuhen\u201d mit einem S\u00e4nger aus der W\u00fcrzburger Gegend. Beim H\u00f6ren der ersten Demos war mir klar, dass diese Songs live zu spielen unglaublichen Spa\u00df bringen m\u00fcsste. Nachdem [&hellip;]","og_url":"https:\/\/sonsofeternity.de\/en\/band\/jonas\/","og_site_name":"Sons of Eternity","article_publisher":"https:\/\/www.facebook.com\/SonsOfEternityBand","article_modified_time":"2023-05-09T10:34:04+00:00","og_image":[{"url":"https:\/\/sonsofeternity.de\/wp-content\/uploads\/2023\/03\/jonas1-150x150.jpg","type":"","width":"","height":""}],"twitter_card":"summary_large_image","twitter_misc":{"Est. reading time":"4 minutes"},"schema":{"@context":"https:\/\/schema.org","@graph":[{"@type":"WebPage","@id":"https:\/\/sonsofeternity.de\/en\/band\/jonas\/","url":"https:\/\/sonsofeternity.de\/en\/band\/jonas\/","name":"Jonas - Sons of Eternity","isPartOf":{"@id":"https:\/\/sonsofeternity.de\/#website"},"primaryImageOfPage":{"@id":"https:\/\/sonsofeternity.de\/en\/band\/jonas\/#primaryimage"},"image":{"@id":"https:\/\/sonsofeternity.de\/en\/band\/jonas\/#primaryimage"},"thumbnailUrl":"https:\/\/sonsofeternity.de\/wp-content\/uploads\/2023\/03\/jonas1-150x150.jpg","datePublished":"2023-03-13T20:02:05+00:00","dateModified":"2023-05-09T10:34:04+00:00","breadcrumb":{"@id":"https:\/\/sonsofeternity.de\/en\/band\/jonas\/#breadcrumb"},"inLanguage":"en-US","potentialAction":[{"@type":"ReadAction","target":["https:\/\/sonsofeternity.de\/en\/band\/jonas\/"]}]},{"@type":"ImageObject","inLanguage":"en-US","@id":"https:\/\/sonsofeternity.de\/en\/band\/jonas\/#primaryimage","url":"https:\/\/sonsofeternity.de\/wp-content\/uploads\/2023\/03\/jonas1-150x150.jpg","contentUrl":"https:\/\/sonsofeternity.de\/wp-content\/uploads\/2023\/03\/jonas1-150x150.jpg"},{"@type":"BreadcrumbList","@id":"https:\/\/sonsofeternity.de\/en\/band\/jonas\/#breadcrumb","itemListElement":[{"@type":"ListItem","position":1,"name":"Startseite","item":"https:\/\/sonsofeternity.de\/"},{"@type":"ListItem","position":2,"name":"Band members of Sons of Eternity","item":"https:\/\/sonsofeternity.de\/en\/band\/"},{"@type":"ListItem","position":3,"name":"Jonas"}]},{"@type":"WebSite","@id":"https:\/\/sonsofeternity.de\/#website","url":"https:\/\/sonsofeternity.de\/","name":"Sons of Eternity","description":"Metalband from Germany","publisher":{"@id":"https:\/\/sonsofeternity.de\/#organization"},"potentialAction":[{"@type":"SearchAction","target":{"@type":"EntryPoint","urlTemplate":"https:\/\/sonsofeternity.de\/?s={search_term_string}"},"query-input":{"@type":"PropertyValueSpecification","valueRequired":true,"valueName":"search_term_string"}}],"inLanguage":"en-US"},{"@type":"Organization","@id":"https:\/\/sonsofeternity.de\/#organization","name":"Sons of Eternity","url":"https:\/\/sonsofeternity.de\/","logo":{"@type":"ImageObject","inLanguage":"en-US","@id":"https:\/\/sonsofeternity.de\/#\/schema\/logo\/image\/","url":"https:\/\/sonsofeternity.de\/wp-content\/uploads\/2023\/03\/soe-logo-mit-schrift.png","contentUrl":"https:\/\/sonsofeternity.de\/wp-content\/uploads\/2023\/03\/soe-logo-mit-schrift.png","width":1934,"height":320,"caption":"Sons of Eternity"},"image":{"@id":"https:\/\/sonsofeternity.de\/#\/schema\/logo\/image\/"},"sameAs":["https:\/\/www.facebook.com\/SonsOfEternityBand"]}]}},"_links":{"self":[{"href":"http:\/\/sonsofeternity.de\/en\/wp-json\/wp\/v2\/pages\/498","targetHints":{"allow":["GET"]}}],"collection":[{"href":"http:\/\/sonsofeternity.de\/en\/wp-json\/wp\/v2\/pages"}],"about":[{"href":"http:\/\/sonsofeternity.de\/en\/wp-json\/wp\/v2\/types\/page"}],"author":[{"embeddable":true,"href":"http:\/\/sonsofeternity.de\/en\/wp-json\/wp\/v2\/users\/1"}],"replies":[{"embeddable":true,"href":"http:\/\/sonsofeternity.de\/en\/wp-json\/wp\/v2\/comments?post=498"}],"version-history":[{"count":22,"href":"http:\/\/sonsofeternity.de\/en\/wp-json\/wp\/v2\/pages\/498\/revisions"}],"predecessor-version":[{"id":1224,"href":"http:\/\/sonsofeternity.de\/en\/wp-json\/wp\/v2\/pages\/498\/revisions\/1224"}],"up":[{"embeddable":true,"href":"http:\/\/sonsofeternity.de\/en\/wp-json\/wp\/v2\/pages\/38"}],"wp:attachment":[{"href":"http:\/\/sonsofeternity.de\/en\/wp-json\/wp\/v2\/media?parent=498"}],"curies":[{"name":"wp","href":"https:\/\/api.w.org\/{rel}","templated":true}]}}